{"id":307,"date":"2025-06-05T09:08:55","date_gmt":"2025-06-05T07:08:55","guid":{"rendered":"https:\/\/skelectric.pl\/?page_id=307"},"modified":"2025-06-05T09:20:15","modified_gmt":"2025-06-05T07:20:15","slug":"ogolne-warunki-wspolpracy-oraz-polityka-prywatnosci","status":"publish","type":"page","link":"https:\/\/skelectric.pl\/uk\/ogolne-warunki-wspolpracy-oraz-polityka-prywatnosci\/","title":{"rendered":"\u0417\u0410\u0413\u0410\u041b\u042c\u041d\u0406 \u0423\u041c\u041e\u0412\u0418 \u0421\u041f\u0406\u0412\u041f\u0420\u0410\u0426\u0406 \u0422\u0410\n\u041f\u041e\u041b\u0406\u0422\u0418\u041a\u0410 \u041a\u041e\u041d\u0424\u0406\u0414\u0415\u041d\u0426\u0406\u0419\u041d\u041e\u0421\u0422\u0406"},"content":{"rendered":"<h3>\u0417\u0411\u0406\u0420 \u0406 \u0412\u0418\u041a\u041e\u0420\u0418\u0421\u0422\u0410\u041d\u041d\u042f \u0406\u041d\u0424\u041e\u0420\u041c\u0410\u0426\u0406\u0407<\/h3>\n<p>\u041c\u0438 \u043c\u043e\u0436\u0435\u043c\u043e \u0437\u0431\u0438\u0440\u0430\u0442\u0438 \u0440\u0456\u0437\u043d\u043e\u043c\u0430\u043d\u0456\u0442\u043d\u0443 \u0456\u043d\u0444\u043e\u0440\u043c\u0430\u0446\u0456\u044e \u0432\u0456\u0434 \u043a\u043e\u0440\u0438\u0441\u0442\u0443\u0432\u0430\u0447\u0456\u0432 \u043f\u0456\u0434 \u0447\u0430\u0441 \u043d\u0430\u0434\u0441\u0438\u043b\u0430\u043d\u043d\u044f \u0437\u0430\u043f\u0438\u0442\u0456\u0432 \u0447\u0435\u0440\u0435\u0437 \u043a\u043e\u043d\u0442\u0430\u043a\u0442\u043d\u0443 \u0444\u043e\u0440\u043c\u0443 \u0430\u0431\u043e \u0432\u0437\u0430\u0454\u043c\u043e\u0434\u0456\u0457 \u0437 \u043d\u0430\u0448\u0438\u043c \u0432\u0435\u0431\u0440\u0435\u0441\u0443\u0440\u0441\u043e\u043c. \u0414\u043e \u0442\u0430\u043a\u0438\u0445 \u0434\u0430\u043d\u0438\u0445 \u043c\u043e\u0436\u0443\u0442\u044c \u043d\u0430\u043b\u0435\u0436\u0430\u0442\u0438 \u0456\u043c\u2019\u044f, \u043f\u0440\u0456\u0437\u0432\u0438\u0449\u0435, \u0430\u0434\u0440\u0435\u0441\u0430 \u0435\u043b\u0435\u043a\u0442\u0440\u043e\u043d\u043d\u043e\u0457 \u043f\u043e\u0448\u0442\u0438, \u043d\u043e\u043c\u0435\u0440 \u0442\u0435\u043b\u0435\u0444\u043e\u043d\u0443 \u0442\u0430 \u0456\u043d\u0448\u0430 \u0456\u043d\u0444\u043e\u0440\u043c\u0430\u0446\u0456\u044f, \u044f\u043a\u0443 \u043a\u043e\u0440\u0438\u0441\u0442\u0443\u0432\u0430\u0447 \u043d\u0430\u0434\u0430\u0454 \u043d\u0430\u043c \u0434\u043e\u0431\u0440\u043e\u0432\u0456\u043b\u044c\u043d\u043e. \u0426\u0456 \u0434\u0430\u043d\u0456 \u043c\u0438 \u0432\u0438\u043a\u043e\u0440\u0438\u0441\u0442\u043e\u0432\u0443\u0454\u043c\u043e \u0434\u043b\u044f \u043e\u0431\u0440\u043e\u0431\u043a\u0438 \u0437\u0430\u043c\u043e\u0432\u043b\u0435\u043d\u044c, \u0432\u0456\u0434\u043f\u043e\u0432\u0456\u0434\u0456 \u043d\u0430 \u0437\u0430\u043f\u0438\u0442\u0438 \u0442\u0430 \u043f\u043e\u043a\u0440\u0430\u0449\u0435\u043d\u043d\u044f \u044f\u043a\u043e\u0441\u0442\u0456 \u043e\u0431\u0441\u043b\u0443\u0433\u043e\u0432\u0443\u0432\u0430\u043d\u043d\u044f \u043d\u0430\u0448\u0438\u0445 \u043a\u043b\u0456\u0454\u043d\u0442\u0456\u0432.<\/p>\n<h3>\u0417\u0410\u0425\u0418\u0421\u0422 \u0406\u041d\u0424\u041e\u0420\u041c\u0410\u0426\u0406\u0407<\/h3>\n<p>\u041c\u0438 \u0434\u043e\u043a\u043b\u0430\u0434\u0430\u0454\u043c\u043e \u0432\u0441\u0456\u0445 \u0437\u0443\u0441\u0438\u043b\u044c, \u0449\u043e\u0431 \u0437\u0430\u0445\u0438\u0441\u0442\u0438\u0442\u0438 \u043f\u0435\u0440\u0441\u043e\u043d\u0430\u043b\u044c\u043d\u0456 \u0434\u0430\u043d\u0456 \u043a\u043e\u0440\u0438\u0441\u0442\u0443\u0432\u0430\u0447\u0456\u0432 \u0432\u0456\u0434 \u043d\u0435\u0441\u0430\u043d\u043a\u0446\u0456\u043e\u043d\u043e\u0432\u0430\u043d\u043e\u0433\u043e \u0434\u043e\u0441\u0442\u0443\u043f\u0443, \u0432\u0438\u043a\u043e\u0440\u0438\u0441\u0442\u0430\u043d\u043d\u044f \u0430\u0431\u043e \u0440\u043e\u0437\u0433\u043e\u043b\u043e\u0448\u0435\u043d\u043d\u044f. \u0414\u043b\u044f \u0446\u044c\u043e\u0433\u043e \u0432\u0438\u043a\u043e\u0440\u0438\u0441\u0442\u043e\u0432\u0443\u044e\u0442\u044c\u0441\u044f \u0441\u0442\u0430\u043d\u0434\u0430\u0440\u0442\u043d\u0456 \u043c\u0435\u0442\u043e\u0434\u0438 \u0431\u0435\u0437\u043f\u0435\u043a\u0438, \u0437\u043e\u043a\u0440\u0435\u043c\u0430 \u0448\u0438\u0444\u0440\u0443\u0432\u0430\u043d\u043d\u044f \u0434\u0430\u043d\u0438\u0445, \u0437 \u043c\u0435\u0442\u043e\u044e \u0437\u0430\u0445\u0438\u0441\u0442\u0443 \u0456\u043d\u0444\u043e\u0440\u043c\u0430\u0446\u0456\u0457, \u043f\u0435\u0440\u0435\u0434\u0430\u043d\u043e\u0457 \u0447\u0435\u0440\u0435\u0437 \u043d\u0430\u0448 \u0441\u0430\u0439\u0442.<\/p>\n<h3>\u0412\u0418\u041a\u041e\u0420\u0418\u0421\u0422\u0410\u041d\u041d\u042f \u0424\u0410\u0419\u041b\u0406\u0412 COOKIE \u0422\u0410 \u0406\u041d\u0428\u0418\u0425 \u0422\u0415\u0425\u041d\u041e\u041b\u041e\u0413\u0406\u0419<\/h3>\n<p>\u041c\u0438 \u043c\u043e\u0436\u0435\u043c\u043e \u0432\u0438\u043a\u043e\u0440\u0438\u0441\u0442\u043e\u0432\u0443\u0432\u0430\u0442\u0438 \u0444\u0430\u0439\u043b\u0438 cookie \u0442\u0430 \u0456\u043d\u0448\u0456 \u0442\u0435\u0445\u043d\u043e\u043b\u043e\u0433\u0456\u0457 \u0434\u043b\u044f \u0430\u043d\u0430\u043b\u0456\u0437\u0443 \u043f\u043e\u0432\u0435\u0434\u0456\u043d\u043a\u0438 \u0432\u0456\u0434\u0432\u0456\u0434\u0443\u0432\u0430\u0447\u0456\u0432 \u043d\u0430\u0448\u043e\u0433\u043e \u0441\u0430\u0439\u0442\u0443 \u0456 \u043f\u043e\u043a\u0440\u0430\u0449\u0435\u043d\u043d\u044f \u0457\u0445\u043d\u044c\u043e\u0433\u043e \u0434\u043e\u0441\u0432\u0456\u0434\u0443. \u0422\u0430\u043a\u0456 \u0442\u0435\u0445\u043d\u043e\u043b\u043e\u0433\u0456\u0457 \u0434\u043e\u0437\u0432\u043e\u043b\u044f\u044e\u0442\u044c \u043d\u0430\u043c \u0437\u0431\u0438\u0440\u0430\u0442\u0438 \u0456\u043d\u0444\u043e\u0440\u043c\u0430\u0446\u0456\u044e \u043f\u0440\u043e \u0432\u0438\u043a\u043e\u0440\u0438\u0441\u0442\u0430\u043d\u043d\u044f \u0441\u0430\u0439\u0442\u0443, \u0437\u043e\u043a\u0440\u0435\u043c\u0430 \u0447\u0430\u0441\u0442\u043e\u0442\u0443 \u0432\u0456\u0434\u0432\u0456\u0434\u0443\u0432\u0430\u043d\u044c \u0456 \u0447\u0430\u0441, \u043f\u0440\u043e\u0432\u0435\u0434\u0435\u043d\u0438\u0439 \u043d\u0430 \u0441\u0430\u0439\u0442\u0456.<\/p>\n<h3>\u041f\u0415\u0420\u0415\u0414\u0410\u0427\u0410 \u0406\u041d\u0424\u041e\u0420\u041c\u0410\u0426\u0406\u0407 \u0422\u0420\u0415\u0422\u0406\u041c \u0421\u0422\u041e\u0420\u041e\u041d\u0410\u041c<\/h3>\n<p>\u041c\u0438 \u043d\u0435 \u043f\u0435\u0440\u0435\u0434\u0430\u0454\u043c\u043e \u043f\u0435\u0440\u0441\u043e\u043d\u0430\u043b\u044c\u043d\u0456 \u0434\u0430\u043d\u0456 \u043a\u043e\u0440\u0438\u0441\u0442\u0443\u0432\u0430\u0447\u0456\u0432 \u0442\u0440\u0435\u0442\u0456\u043c \u043e\u0441\u043e\u0431\u0430\u043c, \u043e\u043a\u0440\u0456\u043c \u0432\u0438\u043f\u0430\u0434\u043a\u0456\u0432, \u043a\u043e\u043b\u0438 \u0446\u0435 \u043d\u0435\u043e\u0431\u0445\u0456\u0434\u043d\u043e \u0434\u043b\u044f \u0432\u0438\u043a\u043e\u043d\u0430\u043d\u043d\u044f \u0437\u0430\u043f\u0438\u0442\u0443 \u043a\u043e\u0440\u0438\u0441\u0442\u0443\u0432\u0430\u0447\u0430 \u0430\u0431\u043e \u0434\u043e\u0442\u0440\u0438\u043c\u0430\u043d\u043d\u044f \u0437\u0430\u043a\u043e\u043d\u043e\u0434\u0430\u0432\u0447\u0438\u0445 \u0432\u0438\u043c\u043e\u0433. \u0414\u0430\u043d\u0456 \u043c\u043e\u0436\u0443\u0442\u044c \u0431\u0443\u0442\u0438 \u043d\u0430\u0434\u0430\u043d\u0456 \u0437\u043e\u0432\u043d\u0456\u0448\u043d\u0456\u043c \u043f\u043e\u0441\u0442\u0430\u0447\u0430\u043b\u044c\u043d\u0438\u043a\u0430\u043c \u043f\u043e\u0441\u043b\u0443\u0433, \u044f\u043a\u0456 \u0441\u043f\u0440\u0438\u044f\u044e\u0442\u044c \u0440\u043e\u0431\u043e\u0442\u0456 \u043d\u0430\u0448\u043e\u0433\u043e \u0441\u0430\u0439\u0442\u0443 \u0442\u0430 \u043d\u0430\u0434\u0430\u043d\u043d\u044e \u043f\u043e\u0441\u043b\u0443\u0433 \u043a\u043b\u0456\u0454\u043d\u0442\u0430\u043c.<\/p>\n<h3>\u0417\u041c\u0406\u041d\u0418 \u0412 \u041f\u041e\u041b\u0406\u0422\u0418\u0426\u0406 \u041a\u041e\u041d\u0424\u0406\u0414\u0415\u041d\u0426\u0406\u0419\u041d\u041e\u0421\u0422\u0406<\/h3>\n<p>\u041c\u0438 \u043c\u043e\u0436\u0435\u043c\u043e \u043f\u0435\u0440\u0456\u043e\u0434\u0438\u0447\u043d\u043e \u043e\u043d\u043e\u0432\u043b\u044e\u0432\u0430\u0442\u0438 \u0446\u044e \u043f\u043e\u043b\u0456\u0442\u0438\u043a\u0443 \u043a\u043e\u043d\u0444\u0456\u0434\u0435\u043d\u0446\u0456\u0439\u043d\u043e\u0441\u0442\u0456. \u042f\u043a\u0449\u043e \u0431\u0443\u0434\u0443\u0442\u044c \u0432\u043d\u0435\u0441\u0435\u043d\u0456 \u0441\u0443\u0442\u0442\u0454\u0432\u0456 \u0437\u043c\u0456\u043d\u0438 \u0443 \u0441\u043f\u043e\u0441\u0456\u0431 \u0437\u0431\u043e\u0440\u0443, \u0432\u0438\u043a\u043e\u0440\u0438\u0441\u0442\u0430\u043d\u043d\u044f \u0430\u0431\u043e \u0437\u0430\u0445\u0438\u0441\u0442\u0443 \u043f\u0435\u0440\u0441\u043e\u043d\u0430\u043b\u044c\u043d\u0438\u0445 \u0434\u0430\u043d\u0438\u0445, \u043c\u0438 \u043f\u043e\u0432\u0456\u0434\u043e\u043c\u0438\u043c\u043e \u043f\u0440\u043e \u0446\u0435 \u043d\u0430 \u043d\u0430\u0448\u043e\u043c\u0443 \u0441\u0430\u0439\u0442\u0456 \u0430\u0431\u043e \u0456\u043d\u0448\u0438\u043c \u0441\u043f\u043e\u0441\u043e\u0431\u043e\u043c.\n\u042f\u043a\u0449\u043e \u0443 \u0432\u0430\u0441 \u0432\u0438\u043d\u0438\u043a\u043b\u0438 \u0437\u0430\u043f\u0438\u0442\u0430\u043d\u043d\u044f \u0449\u043e\u0434\u043e \u0446\u0456\u0454\u0457 \u043f\u043e\u043b\u0456\u0442\u0438\u043a\u0438 \u043a\u043e\u043d\u0444\u0456\u0434\u0435\u043d\u0446\u0456\u0439\u043d\u043e\u0441\u0442\u0456 \u0430\u0431\u043e \u0432\u0438 \u0431\u0430\u0436\u0430\u0454\u0442\u0435 \u0437\u043c\u0456\u043d\u0438\u0442\u0438 \u0447\u0438 \u0432\u0438\u0434\u0430\u043b\u0438\u0442\u0438 \u0441\u0432\u043e\u0457 \u043f\u0435\u0440\u0441\u043e\u043d\u0430\u043b\u044c\u043d\u0456 \u0434\u0430\u043d\u0456, \u043f\u0440\u043e\u0441\u0438\u043c\u043e \u0437\u0432\u0435\u0440\u0442\u0430\u0442\u0438\u0441\u044f \u0447\u0435\u0440\u0435\u0437 \u043a\u043e\u043d\u0442\u0430\u043a\u0442\u043d\u0443 \u0456\u043d\u0444\u043e\u0440\u043c\u0430\u0446\u0456\u044e, \u0432\u043a\u0430\u0437\u0430\u043d\u0443 \u043d\u0430 \u043d\u0430\u0448\u043e\u043c\u0443 \u0441\u0430\u0439\u0442\u0456.<\/p>\n<h2 style=\"text-align: center;\">\u0414\u042f\u041a\u0423\u0404\u041c\u041e \u0417\u0410 \u0412\u0406\u0414\u0412\u0406\u0414\u0423\u0412\u0410\u041d\u041d\u042f \u041d\u0410\u0428\u041e\u0413\u041e \u0412\u0415\u0411\u0421\u0410\u0419\u0422\u0423 SK ELECTRIC!<\/h2>","protected":false},"excerpt":{"rendered":"<p>ZBIERANIE I WYKORZYSTYWANIE INFORMACJI Mo\u017cemy zbiera\u0107 r\u00f3\u017cne informacje od u\u017cytkownika, gdy przesy\u0142a on \u017c\u0105danie za po\u015brednictwem formularza kontaktowego lub wchodzi w interakcj\u0119 z nasz\u0105 stron\u0105. Informacje te mog\u0105 obejmowa\u0107 imi\u0119 i nazwisko, adres e-mail, numer telefonu i inne informacje przekazane nam przez u\u017cytkownika. U\u017cywamy tych informacji do przetwarzania zam\u00f3wie\u0144, odpowiadania na zapytania i zapewniania lepszej [&hellip;]<\/p>","protected":false},"author":1,"featured_media":0,"parent":0,"menu_order":0,"comment_status":"closed","ping_status":"closed","template":"contacts.php","meta":{"inline_featured_image":false,"footnotes":""},"class_list":["post-307","page","type-page","status-publish","hentry"],"_links":{"self":[{"href":"https:\/\/skelectric.pl\/uk\/wp-json\/wp\/v2\/pages\/307","targetHints":{"allow":["GET"]}}],"collection":[{"href":"https:\/\/skelectric.pl\/uk\/wp-json\/wp\/v2\/pages"}],"about":[{"href":"https:\/\/skelectric.pl\/uk\/wp-json\/wp\/v2\/types\/page"}],"author":[{"embeddable":true,"href":"https:\/\/skelectric.pl\/uk\/wp-json\/wp\/v2\/users\/1"}],"replies":[{"embeddable":true,"href":"https:\/\/skelectric.pl\/uk\/wp-json\/wp\/v2\/comments?post=307"}],"version-history":[{"count":6,"href":"https:\/\/skelectric.pl\/uk\/wp-json\/wp\/v2\/pages\/307\/revisions"}],"predecessor-version":[{"id":317,"href":"https:\/\/skelectric.pl\/uk\/wp-json\/wp\/v2\/pages\/307\/revisions\/317"}],"wp:attachment":[{"href":"https:\/\/skelectric.pl\/uk\/wp-json\/wp\/v2\/media?parent=307"}],"curies":[{"name":"wp","href":"https:\/\/api.w.org\/{rel}","templated":true}]}}